{"id":149,"date":"2018-06-01T11:52:07","date_gmt":"2018-06-01T09:52:07","guid":{"rendered":"https:\/\/eva-rf.com\/voorbeeld-pagina\/"},"modified":"2018-10-30T08:26:30","modified_gmt":"2018-10-30T07:26:30","slug":"voorbeeld-pagina","status":"publish","type":"page","link":"https:\/\/eva-rf.com\/fr\/","title":{"rendered":"Home"},"content":{"rendered":"<h1>La solution pour le bien-\u00eatre intime des femmes<\/h1>\n<p>L\u2019atrophie vaginale est un trouble m\u00e9dical courant chez les femmes qui traversent cette p\u00e9riode particuli\u00e8re de changements physiologiques qu\u2019est la m\u00e9nopause. Elle a un impact n\u00e9gatif sur la qualit\u00e9 de vie de plus de deux tiers des femmes touch\u00e9es. Pourtant, la plupart d\u2019entre elles n\u2019en parlent pas. EVA\u2122 apporte peut-\u00eatre la solution\u2009!<\/p>\n","protected":false},"excerpt":{"rendered":"<p>La solution pour le bien-\u00eatre intime des femmes L\u2019atrophie vaginale est un trouble m\u00e9dical courant chez les femmes qui traversent cette p\u00e9riode particuli\u00e8re de changements physiologiques qu\u2019est la m\u00e9nopause. Elle a un impact n\u00e9gatif sur la qualit\u00e9 de vie de plus de deux tiers des femmes touch\u00e9es. Pourtant, la plupart d\u2019entre elles n\u2019en parlent pas. [&hellip;]<\/p>\n","protected":false},"author":1,"featured_media":151,"parent":0,"menu_order":23,"comment_status":"closed","ping_status":"open","template":"index.php","meta":{"_acf_changed":false,"footnotes":""},"class_list":["post-149","page","type-page","status-publish","has-post-thumbnail","hentry"],"acf":[],"_links":{"self":[{"href":"https:\/\/eva-rf.com\/fr\/wp-json\/wp\/v2\/pages\/149","targetHints":{"allow":["GET"]}}],"collection":[{"href":"https:\/\/eva-rf.com\/fr\/wp-json\/wp\/v2\/pages"}],"about":[{"href":"https:\/\/eva-rf.com\/fr\/wp-json\/wp\/v2\/types\/page"}],"author":[{"embeddable":true,"href":"https:\/\/eva-rf.com\/fr\/wp-json\/wp\/v2\/users\/1"}],"replies":[{"embeddable":true,"href":"https:\/\/eva-rf.com\/fr\/wp-json\/wp\/v2\/comments?post=149"}],"version-history":[{"count":3,"href":"https:\/\/eva-rf.com\/fr\/wp-json\/wp\/v2\/pages\/149\/revisions"}],"predecessor-version":[{"id":260,"href":"https:\/\/eva-rf.com\/fr\/wp-json\/wp\/v2\/pages\/149\/revisions\/260"}],"wp:featuredmedia":[{"embeddable":true,"href":"https:\/\/eva-rf.com\/fr\/wp-json\/wp\/v2\/media\/151"}],"wp:attachment":[{"href":"https:\/\/eva-rf.com\/fr\/wp-json\/wp\/v2\/media?parent=149"}],"curies":[{"name":"wp","href":"https:\/\/api.w.org\/{rel}","templated":true}]}}