{"id":159,"date":"2018-06-06T10:51:38","date_gmt":"2018-06-06T08:51:38","guid":{"rendered":"https:\/\/eva-rf.com\/cookies\/"},"modified":"2018-09-10T09:01:57","modified_gmt":"2018-09-10T07:01:57","slug":"cookies","status":"publish","type":"page","link":"https:\/\/eva-rf.com\/fr\/cookies\/","title":{"rendered":"Cookies"},"content":{"rendered":"<p>Les cookies sont des petits\u00a0<strong>fichiers de texte<\/strong>\u00a0qui sont\u00a0<strong>conserv\u00e9s<\/strong>\u00a0sur votre ordinateur ou votre appareil mobile. EVA\u2122 emploie les cookies afin\u00a0<strong>d\u2019optimaliser votre visite sur notre site<\/strong>\u00a0!<\/p>\n<p>Nous employons deux types de cookies : des\u00a0<strong>cookies temporaires<\/strong>\u00a0(cookies de session) et des cookies permanents. Les cookies temporaires sont supprim\u00e9s de l\u2019ordinateur du moment que vous fermez le browser. Ces cookies conservent des donn\u00e9es temporaires, comme les articles dans votre panier. Les\u00a0<strong>cookies permanents\u00a0<\/strong>restent sur l\u2019ordinateur apr\u00e8s vous avez ferm\u00e9 le browser. Ces cookies conservent des informations comme votre nom d\u2019inscription et votre mot de passe, de sorte que vous ne deviez pas vous connecter de nouveau en visitant notre site. Cela am\u00e9liore\u00a0<strong>le confort sur notre site<\/strong>. Les cookies permanents peuvent rester sur votre ordinateur pendant des journ\u00e9es, mois, ou m\u00eame des ann\u00e9es.<\/p>\n<p>Vous pouvez\u00a0<strong>facilement supprimer<\/strong>\u00a0les cookies par le browser de votre ordinateur ou appareil mobile. Consultez la partie \u2018Aide\u2019 dans votre browser pour des instructions concernant les param\u00e8tres de cookies et l\u2019enl\u00e8vement des cookies. Vous pouvez choisir de d\u00e9sactiver les cookies ou de recevoir une notification chaque fois qu\u2019un nouveau cookie est envoy\u00e9 \u00e0 votre ordinateur ou appareil mobile. Prenez en compte que\u00a0<strong>certaines fonctions ne seront pas accessibles<\/strong>\u00a0si vous choisissez de d\u00e9sactiver les cookies.<\/p>\n","protected":false},"excerpt":{"rendered":"<p>Les cookies sont des petits\u00a0fichiers de texte\u00a0qui sont\u00a0conserv\u00e9s\u00a0sur votre ordinateur ou votre appareil mobile. EVA\u2122 emploie les cookies afin\u00a0d\u2019optimaliser votre visite sur notre site\u00a0! Nous employons deux types de cookies : des\u00a0cookies temporaires\u00a0(cookies de session) et des cookies permanents. Les cookies temporaires sont supprim\u00e9s de l\u2019ordinateur du moment que vous fermez le browser. Ces cookies [&hellip;]<\/p>\n","protected":false},"author":1,"featured_media":155,"parent":0,"menu_order":12,"comment_status":"closed","ping_status":"closed","template":"template_text.php","meta":{"_acf_changed":false,"footnotes":""},"class_list":["post-159","page","type-page","status-publish","has-post-thumbnail","hentry"],"acf":[],"_links":{"self":[{"href":"https:\/\/eva-rf.com\/fr\/wp-json\/wp\/v2\/pages\/159","targetHints":{"allow":["GET"]}}],"collection":[{"href":"https:\/\/eva-rf.com\/fr\/wp-json\/wp\/v2\/pages"}],"about":[{"href":"https:\/\/eva-rf.com\/fr\/wp-json\/wp\/v2\/types\/page"}],"author":[{"embeddable":true,"href":"https:\/\/eva-rf.com\/fr\/wp-json\/wp\/v2\/users\/1"}],"replies":[{"embeddable":true,"href":"https:\/\/eva-rf.com\/fr\/wp-json\/wp\/v2\/comments?post=159"}],"version-history":[{"count":2,"href":"https:\/\/eva-rf.com\/fr\/wp-json\/wp\/v2\/pages\/159\/revisions"}],"predecessor-version":[{"id":194,"href":"https:\/\/eva-rf.com\/fr\/wp-json\/wp\/v2\/pages\/159\/revisions\/194"}],"wp:featuredmedia":[{"embeddable":true,"href":"https:\/\/eva-rf.com\/fr\/wp-json\/wp\/v2\/media\/155"}],"wp:attachment":[{"href":"https:\/\/eva-rf.com\/fr\/wp-json\/wp\/v2\/media?parent=159"}],"curies":[{"name":"wp","href":"https:\/\/api.w.org\/{rel}","templated":true}]}}